{"id":45,"date":"2025-01-22T18:45:13","date_gmt":"2025-01-22T17:45:13","guid":{"rendered":"https:\/\/www.livros-kancelaria.pl\/blog\/?page_id=45"},"modified":"2025-04-17T21:20:35","modified_gmt":"2025-04-17T19:20:35","slug":"o-autorze-bloga","status":"publish","type":"page","link":"https:\/\/www.livros-kancelaria.pl\/blog\/o-autorze-bloga\/","title":{"rendered":"O autorze bloga"},"content":{"rendered":"<div class=\"wp-block-image\">\n<figure class=\"aligncenter size-full\"><img loading=\"lazy\" decoding=\"async\" width=\"450\" height=\"676\" src=\"https:\/\/www.livros-kancelaria.pl\/blog\/wp-content\/uploads\/2025\/01\/Dariusz-Jarmoc.jpg\" alt=\"radca prawny Dariusz Jarmoc\" class=\"wp-image-49\" srcset=\"https:\/\/www.livros-kancelaria.pl\/blog\/wp-content\/uploads\/2025\/01\/Dariusz-Jarmoc.jpg 450w, https:\/\/www.livros-kancelaria.pl\/blog\/wp-content\/uploads\/2025\/01\/Dariusz-Jarmoc-200x300.jpg 200w\" sizes=\"auto, (max-width: 450px) 100vw, 450px\" \/><\/figure>\n<\/div>\n\n\n<h2 class=\"wp-block-heading\"><strong>DARIUSZ JARMOC<\/strong> | radca prawny<\/h2>\n\n\n\n<p>Radca prawny od 2019 roku (numer uprawnie\u0144 B\u0141\/1353), negocjator.<\/p>\n\n\n\n<p>Do\u015bwiadczenie zdobywa\u0142 przy wsp\u00f3\u0142pracy z przedsi\u0119biorcami, a tak\u017ce podczas pracy w kancelariach prawnych oraz w urz\u0119dach samorz\u0105dowych i pa\u0144stwowych.<\/p>\n\n\n\n<p>Oferowane us\u0142ugi obejmuj\u0105 w szczeg\u00f3lno\u015bci nast\u0119puj\u0105ce dziedziny prawa:<\/p>\n\n\n\n<ul class=\"wp-block-list\">\n<li><strong>prawo cywilne<\/strong> \u2013 spory s\u0105dowe, windykacja nale\u017cno\u015bci, sprawy maj\u0105tkowe, odszkodowania,<\/li>\n\n\n\n<li><strong>prawo gospodarcze i handlowe<\/strong> \u2013 kompleksowa obs\u0142uga sp\u00f3\u0142ek, tworzenie i analiza um\u00f3w handlowych, sta\u0142a obs\u0142uga prawna firm,<\/li>\n\n\n\n<li><strong>prawo karne gospodarcze<\/strong> \u2013 przest\u0119pstwa gospodarcze, skarbowe, urz\u0119dnicze, przest\u0119pczo\u015b\u0107 tzw. bia\u0142ych ko\u0142nierzyk\u00f3w (ang. <em>white-collar crimes<\/em>),<\/li>\n\n\n\n<li><strong>prawo administracyjne<\/strong> \u2013 kompleksowa reprezentacja przed organami administracji publicznej oraz s\u0105dami administracyjnymi,<\/li>\n\n\n\n<li><strong>prawo mi\u0119dzynarodowe<\/strong> \u2013 obs\u0142uga klient\u00f3w zagranicznych, zar\u00f3wno w zakresie kontrakt\u00f3w mi\u0119dzynarodowych, jak i spor\u00f3w s\u0105dowych,<\/li>\n\n\n\n<li><strong>cyberprzest\u0119pczo\u015b\u0107<\/strong> \u2013 kompleksowa reprezentacja m.in. w sporach s\u0105dowych dot. oszustw internetowych, kryptowalut, a tak\u017ce w \u015bledztwach prowadzonych przez Centralne Biuro Zwalczania Cyberprzest\u0119pczo\u015bci, Policj\u0119 lub inne organy.<\/li>\n<\/ul>\n\n\n\n<p>Dariusz Jarmoc opiera swoj\u0105 codzienn\u0105 prac\u0119 na po\u0142\u0105czeniu<strong> rzetelnej wiedzy, praktycznego podej\u015bcia i pe\u0142nego zaanga\u017cowania<\/strong> w sprawy klient\u00f3w. Zawsze stawia na partnersk\u0105 wsp\u00f3\u0142prac\u0119 i d\u0142ugofalowe relacje z klientami. Jako prawnik biznesowy nie tylko doradza prawnie, ale analizuje ka\u017cd\u0105 spraw\u0119 przez pryzmat <strong>realnych korzy\u015bci biznesowych<\/strong> klienta. Pomaga rozwi\u0105zywa\u0107 spory r\u00f3wnie\u017c <strong>polubownie<\/strong>, oszcz\u0119dzaj\u0105c czas i koszty.<\/p>\n\n\n\n<p>Posiada wieloletnie do\u015bwiadczenie w prowadzeniu post\u0119powa\u0144 s\u0105dowych, s\u0105dowoadministracyjnych i administracyjnych, a tak\u017ce w negocjacjach oraz w windykacji wierzytelno\u015bci. Regularnie <strong>podnosi swoje kwalifikacje<\/strong> poprzez udzia\u0142 w szkoleniach, seminariach i konferencjach bran\u017cowych. \u015aledzi zmiany legislacyjne i orzecznictwo, co pozwala mu dzia\u0142a\u0107 zawsze na najwy\u017cszym poziomie merytorycznym.<\/p>\n\n\n\n<p>\u015awietny organizator. Profesjonalista. \ud83c\uddec\ud83c\udde7 <strong>Biegle w\u0142ada j\u0119zykiem angielskim<\/strong>.<\/p>\n\n\n\n<p>Cz\u0142onek Okr\u0119gowej Izby Radc\u00f3w Prawnych w Bia\u0142ymstoku od 2015 roku, delegat na Zgromadzenie Okr\u0119gowej Izby Radc\u00f3w Prawnych w Bia\u0142ymstoku XII kadencji 2024-2028.<\/p>\n\n\n\n<div class=\"wp-block-group is-nowrap is-layout-flex wp-container-core-group-is-layout-ad2f72ca wp-block-group-is-layout-flex\">\n<p>\u25ba Codzienna praca naszej Kancelarii oparta jest na nowoczesnym systemie Mecenas.iT, kt\u00f3ry umo\u017cliwia Klientom dost\u0119p do wirtualnych akt sprawy, terminarza spotka\u0144 i rozpraw, protoko\u0142\u00f3w posiedze\u0144 s\u0105dowych oraz wielu innych funkcji.<\/p>\n<\/div>\n\n\n\n<figure class=\"wp-block-image size-large\"><img decoding=\"async\" src=\"https:\/\/www.livros-kancelaria.pl\/images\/MECENAS-LOGO-poziome-1-167x32.png\" alt=\"\" style=\"object-fit:cover\"\/><\/figure>\n\n\n\n<hr class=\"wp-block-separator has-alpha-channel-opacity is-style-wide\"\/>\n\n\n\n<p>Dane kontaktowe do Kancelarii:<\/p>\n\n\n\n<h2 class=\"wp-block-heading\">LIVROS<br>Kancelaria Radcy Prawnego<br>Dariusz Jarmoc<\/h2>\n\n\n\n<p><strong>ul. kard. S. Wyszy\u0144skiego 2\/1 lok. 114, 15-888 Bia\u0142ystok<br>NIP: 5423068657<br>tel. <a href=\"tel:48452808508\">(+48) 452-808-508<\/a><br>e-mail: <a href=\"mailto:dariusz.jarmoc@livros-kancelaria.pl\">dariusz.jarmoc@livros-kancelaria.pl<\/a><\/strong><\/p>\n","protected":false},"excerpt":{"rendered":"<p>DARIUSZ JARMOC | radca prawny Radca prawny od 2019 roku (numer uprawnie\u0144 B\u0141\/1353), negocjator. Do\u015bwiadczenie zdobywa\u0142 przy wsp\u00f3\u0142pracy z przedsi\u0119biorcami, a tak\u017ce podczas pracy w kancelariach prawnych oraz w urz\u0119dach &hellip; <\/p>\n","protected":false},"author":1,"featured_media":49,"parent":0,"menu_order":0,"comment_status":"closed","ping_status":"closed","template":"","meta":{"iawp_total_views":42,"footnotes":""},"class_list":["post-45","page","type-page","status-publish","has-post-thumbnail","hentry","has-meta has-sticky-meta"],"yoast_head":"<!-- This site is optimized with the Yoast SEO plugin v27.2 - https:\/\/yoast.com\/product\/yoast-seo-wordpress\/ -->\n<title>O autorze bloga - LIVROS Kancelaria Radcy Prawnego Dariusz Jarmoc<\/title>\n<meta name=\"robots\" content=\"index, follow, max-snippet:-1, max-image-preview:large, max-video-preview:-1\" \/>\n<link rel=\"canonical\" href=\"https:\/\/www.livros-kancelaria.pl\/blog\/o-autorze-bloga\/\" \/>\n<meta property=\"og:locale\" content=\"pl_PL\" \/>\n<meta property=\"og:type\" content=\"article\" \/>\n<meta property=\"og:title\" content=\"O autorze bloga - LIVROS Kancelaria Radcy Prawnego Dariusz Jarmoc\" \/>\n<meta property=\"og:description\" content=\"DARIUSZ JARMOC | radca prawny Radca prawny od 2019 roku (numer uprawnie\u0144 B\u0141\/1353), negocjator. Do\u015bwiadczenie zdobywa\u0142 przy wsp\u00f3\u0142pracy z przedsi\u0119biorcami, a tak\u017ce podczas pracy w kancelariach prawnych oraz w urz\u0119dach &hellip;\" \/>\n<meta property=\"og:url\" content=\"https:\/\/www.livros-kancelaria.pl\/blog\/o-autorze-bloga\/\" \/>\n<meta property=\"og:site_name\" content=\"LIVROS Kancelaria Radcy Prawnego Dariusz Jarmoc\" \/>\n<meta property=\"article:publisher\" content=\"https:\/\/www.facebook.com\/livroskancelaria\" \/>\n<meta property=\"article:modified_time\" content=\"2025-04-17T19:20:35+00:00\" \/>\n<meta property=\"og:image\" content=\"https:\/\/www.livros-kancelaria.pl\/blog\/wp-content\/uploads\/2025\/01\/Dariusz-Jarmoc.jpg\" \/>\n\t<meta property=\"og:image:width\" content=\"450\" \/>\n\t<meta property=\"og:image:height\" content=\"676\" \/>\n\t<meta property=\"og:image:type\" content=\"image\/jpeg\" \/>\n<meta name=\"twitter:card\" content=\"summary_large_image\" \/>\n<meta name=\"twitter:label1\" content=\"Szacowany czas czytania\" \/>\n\t<meta name=\"twitter:data1\" content=\"3 minuty\" \/>\n<script type=\"application\/ld+json\" class=\"yoast-schema-graph\">{\"@context\":\"https:\/\/schema.org\",\"@graph\":[{\"@type\":\"WebPage\",\"@id\":\"https:\/\/www.livros-kancelaria.pl\/blog\/o-autorze-bloga\/\",\"url\":\"https:\/\/www.livros-kancelaria.pl\/blog\/o-autorze-bloga\/\",\"name\":\"O autorze bloga - LIVROS Kancelaria Radcy Prawnego Dariusz Jarmoc\",\"isPartOf\":{\"@id\":\"https:\/\/www.livros-kancelaria.pl\/blog\/#website\"},\"primaryImageOfPage\":{\"@id\":\"https:\/\/www.livros-kancelaria.pl\/blog\/o-autorze-bloga\/#primaryimage\"},\"image\":{\"@id\":\"https:\/\/www.livros-kancelaria.pl\/blog\/o-autorze-bloga\/#primaryimage\"},\"thumbnailUrl\":\"https:\/\/www.livros-kancelaria.pl\/blog\/wp-content\/uploads\/2025\/01\/Dariusz-Jarmoc.jpg\",\"datePublished\":\"2025-01-22T17:45:13+00:00\",\"dateModified\":\"2025-04-17T19:20:35+00:00\",\"breadcrumb\":{\"@id\":\"https:\/\/www.livros-kancelaria.pl\/blog\/o-autorze-bloga\/#breadcrumb\"},\"inLanguage\":\"pl-PL\",\"potentialAction\":[{\"@type\":\"ReadAction\",\"target\":[\"https:\/\/www.livros-kancelaria.pl\/blog\/o-autorze-bloga\/\"]}]},{\"@type\":\"ImageObject\",\"inLanguage\":\"pl-PL\",\"@id\":\"https:\/\/www.livros-kancelaria.pl\/blog\/o-autorze-bloga\/#primaryimage\",\"url\":\"https:\/\/www.livros-kancelaria.pl\/blog\/wp-content\/uploads\/2025\/01\/Dariusz-Jarmoc.jpg\",\"contentUrl\":\"https:\/\/www.livros-kancelaria.pl\/blog\/wp-content\/uploads\/2025\/01\/Dariusz-Jarmoc.jpg\",\"width\":450,\"height\":676,\"caption\":\"radca prawny Dariusz Jarmoc\"},{\"@type\":\"BreadcrumbList\",\"@id\":\"https:\/\/www.livros-kancelaria.pl\/blog\/o-autorze-bloga\/#breadcrumb\",\"itemListElement\":[{\"@type\":\"ListItem\",\"position\":1,\"name\":\"Strona g\u0142\u00f3wna\",\"item\":\"https:\/\/www.livros-kancelaria.pl\/blog\/\"},{\"@type\":\"ListItem\",\"position\":2,\"name\":\"O autorze bloga\"}]},{\"@type\":\"WebSite\",\"@id\":\"https:\/\/www.livros-kancelaria.pl\/blog\/#website\",\"url\":\"https:\/\/www.livros-kancelaria.pl\/blog\/\",\"name\":\"LIVROS Kancelaria Radcy Prawnego Dariusz Jarmoc\",\"description\":\"Blog prawniczy | Zaufaj ekspertom \u2013 id\u017a bezpiecznie przez \u015bwiat przepis\u00f3w\",\"publisher\":{\"@id\":\"https:\/\/www.livros-kancelaria.pl\/blog\/#organization\"},\"potentialAction\":[{\"@type\":\"SearchAction\",\"target\":{\"@type\":\"EntryPoint\",\"urlTemplate\":\"https:\/\/www.livros-kancelaria.pl\/blog\/?s={search_term_string}\"},\"query-input\":{\"@type\":\"PropertyValueSpecification\",\"valueRequired\":true,\"valueName\":\"search_term_string\"}}],\"inLanguage\":\"pl-PL\"},{\"@type\":\"Organization\",\"@id\":\"https:\/\/www.livros-kancelaria.pl\/blog\/#organization\",\"name\":\"LIVROS Kancelaria Radcy Prawnego Dariusz Jarmoc\",\"url\":\"https:\/\/www.livros-kancelaria.pl\/blog\/\",\"logo\":{\"@type\":\"ImageObject\",\"inLanguage\":\"pl-PL\",\"@id\":\"https:\/\/www.livros-kancelaria.pl\/blog\/#\/schema\/logo\/image\/\",\"url\":\"https:\/\/www.livros-kancelaria.pl\/blog\/wp-content\/uploads\/2025\/01\/logo-150x150-1.png\",\"contentUrl\":\"https:\/\/www.livros-kancelaria.pl\/blog\/wp-content\/uploads\/2025\/01\/logo-150x150-1.png\",\"width\":150,\"height\":150,\"caption\":\"LIVROS Kancelaria Radcy Prawnego Dariusz Jarmoc\"},\"image\":{\"@id\":\"https:\/\/www.livros-kancelaria.pl\/blog\/#\/schema\/logo\/image\/\"},\"sameAs\":[\"https:\/\/www.facebook.com\/livroskancelaria\",\"https:\/\/www.linkedin.com\/in\/dariusz-jarmoc-9b8b71307\/\"]}]}<\/script>\n<!-- \/ Yoast SEO plugin. -->","yoast_head_json":{"title":"O autorze bloga - LIVROS Kancelaria Radcy Prawnego Dariusz Jarmoc","robots":{"index":"index","follow":"follow","max-snippet":"max-snippet:-1","max-image-preview":"max-image-preview:large","max-video-preview":"max-video-preview:-1"},"canonical":"https:\/\/www.livros-kancelaria.pl\/blog\/o-autorze-bloga\/","og_locale":"pl_PL","og_type":"article","og_title":"O autorze bloga - LIVROS Kancelaria Radcy Prawnego Dariusz Jarmoc","og_description":"DARIUSZ JARMOC | radca prawny Radca prawny od 2019 roku (numer uprawnie\u0144 B\u0141\/1353), negocjator. Do\u015bwiadczenie zdobywa\u0142 przy wsp\u00f3\u0142pracy z przedsi\u0119biorcami, a tak\u017ce podczas pracy w kancelariach prawnych oraz w urz\u0119dach &hellip;","og_url":"https:\/\/www.livros-kancelaria.pl\/blog\/o-autorze-bloga\/","og_site_name":"LIVROS Kancelaria Radcy Prawnego Dariusz Jarmoc","article_publisher":"https:\/\/www.facebook.com\/livroskancelaria","article_modified_time":"2025-04-17T19:20:35+00:00","og_image":[{"width":450,"height":676,"url":"https:\/\/www.livros-kancelaria.pl\/blog\/wp-content\/uploads\/2025\/01\/Dariusz-Jarmoc.jpg","type":"image\/jpeg"}],"twitter_card":"summary_large_image","twitter_misc":{"Szacowany czas czytania":"3 minuty"},"schema":{"@context":"https:\/\/schema.org","@graph":[{"@type":"WebPage","@id":"https:\/\/www.livros-kancelaria.pl\/blog\/o-autorze-bloga\/","url":"https:\/\/www.livros-kancelaria.pl\/blog\/o-autorze-bloga\/","name":"O autorze bloga - LIVROS Kancelaria Radcy Prawnego Dariusz Jarmoc","isPartOf":{"@id":"https:\/\/www.livros-kancelaria.pl\/blog\/#website"},"primaryImageOfPage":{"@id":"https:\/\/www.livros-kancelaria.pl\/blog\/o-autorze-bloga\/#primaryimage"},"image":{"@id":"https:\/\/www.livros-kancelaria.pl\/blog\/o-autorze-bloga\/#primaryimage"},"thumbnailUrl":"https:\/\/www.livros-kancelaria.pl\/blog\/wp-content\/uploads\/2025\/01\/Dariusz-Jarmoc.jpg","datePublished":"2025-01-22T17:45:13+00:00","dateModified":"2025-04-17T19:20:35+00:00","breadcrumb":{"@id":"https:\/\/www.livros-kancelaria.pl\/blog\/o-autorze-bloga\/#breadcrumb"},"inLanguage":"pl-PL","potentialAction":[{"@type":"ReadAction","target":["https:\/\/www.livros-kancelaria.pl\/blog\/o-autorze-bloga\/"]}]},{"@type":"ImageObject","inLanguage":"pl-PL","@id":"https:\/\/www.livros-kancelaria.pl\/blog\/o-autorze-bloga\/#primaryimage","url":"https:\/\/www.livros-kancelaria.pl\/blog\/wp-content\/uploads\/2025\/01\/Dariusz-Jarmoc.jpg","contentUrl":"https:\/\/www.livros-kancelaria.pl\/blog\/wp-content\/uploads\/2025\/01\/Dariusz-Jarmoc.jpg","width":450,"height":676,"caption":"radca prawny Dariusz Jarmoc"},{"@type":"BreadcrumbList","@id":"https:\/\/www.livros-kancelaria.pl\/blog\/o-autorze-bloga\/#breadcrumb","itemListElement":[{"@type":"ListItem","position":1,"name":"Strona g\u0142\u00f3wna","item":"https:\/\/www.livros-kancelaria.pl\/blog\/"},{"@type":"ListItem","position":2,"name":"O autorze bloga"}]},{"@type":"WebSite","@id":"https:\/\/www.livros-kancelaria.pl\/blog\/#website","url":"https:\/\/www.livros-kancelaria.pl\/blog\/","name":"LIVROS Kancelaria Radcy Prawnego Dariusz Jarmoc","description":"Blog prawniczy | Zaufaj ekspertom \u2013 id\u017a bezpiecznie przez \u015bwiat przepis\u00f3w","publisher":{"@id":"https:\/\/www.livros-kancelaria.pl\/blog\/#organization"},"potentialAction":[{"@type":"SearchAction","target":{"@type":"EntryPoint","urlTemplate":"https:\/\/www.livros-kancelaria.pl\/blog\/?s={search_term_string}"},"query-input":{"@type":"PropertyValueSpecification","valueRequired":true,"valueName":"search_term_string"}}],"inLanguage":"pl-PL"},{"@type":"Organization","@id":"https:\/\/www.livros-kancelaria.pl\/blog\/#organization","name":"LIVROS Kancelaria Radcy Prawnego Dariusz Jarmoc","url":"https:\/\/www.livros-kancelaria.pl\/blog\/","logo":{"@type":"ImageObject","inLanguage":"pl-PL","@id":"https:\/\/www.livros-kancelaria.pl\/blog\/#\/schema\/logo\/image\/","url":"https:\/\/www.livros-kancelaria.pl\/blog\/wp-content\/uploads\/2025\/01\/logo-150x150-1.png","contentUrl":"https:\/\/www.livros-kancelaria.pl\/blog\/wp-content\/uploads\/2025\/01\/logo-150x150-1.png","width":150,"height":150,"caption":"LIVROS Kancelaria Radcy Prawnego Dariusz Jarmoc"},"image":{"@id":"https:\/\/www.livros-kancelaria.pl\/blog\/#\/schema\/logo\/image\/"},"sameAs":["https:\/\/www.facebook.com\/livroskancelaria","https:\/\/www.linkedin.com\/in\/dariusz-jarmoc-9b8b71307\/"]}]}},"_links":{"self":[{"href":"https:\/\/www.livros-kancelaria.pl\/blog\/wp-json\/wp\/v2\/pages\/45","targetHints":{"allow":["GET"]}}],"collection":[{"href":"https:\/\/www.livros-kancelaria.pl\/blog\/wp-json\/wp\/v2\/pages"}],"about":[{"href":"https:\/\/www.livros-kancelaria.pl\/blog\/wp-json\/wp\/v2\/types\/page"}],"author":[{"embeddable":true,"href":"https:\/\/www.livros-kancelaria.pl\/blog\/wp-json\/wp\/v2\/users\/1"}],"replies":[{"embeddable":true,"href":"https:\/\/www.livros-kancelaria.pl\/blog\/wp-json\/wp\/v2\/comments?post=45"}],"version-history":[{"count":15,"href":"https:\/\/www.livros-kancelaria.pl\/blog\/wp-json\/wp\/v2\/pages\/45\/revisions"}],"predecessor-version":[{"id":256,"href":"https:\/\/www.livros-kancelaria.pl\/blog\/wp-json\/wp\/v2\/pages\/45\/revisions\/256"}],"wp:featuredmedia":[{"embeddable":true,"href":"https:\/\/www.livros-kancelaria.pl\/blog\/wp-json\/wp\/v2\/media\/49"}],"wp:attachment":[{"href":"https:\/\/www.livros-kancelaria.pl\/blog\/wp-json\/wp\/v2\/media?parent=45"}],"curies":[{"name":"wp","href":"https:\/\/api.w.org\/{rel}","templated":true}]}}