{"id":185,"date":"2025-02-27T14:30:29","date_gmt":"2025-02-27T13:30:29","guid":{"rendered":"https:\/\/www.livros-kancelaria.pl\/blog\/?page_id=185"},"modified":"2025-02-27T14:30:29","modified_gmt":"2025-02-27T13:30:29","slug":"newsletter-prawniczy","status":"publish","type":"page","link":"https:\/\/www.livros-kancelaria.pl\/blog\/newsletter-prawniczy\/","title":{"rendered":"Newsletter prawniczy"},"content":{"rendered":"<div class=\"is-default-size wp-block-site-logo\"><a href=\"https:\/\/www.livros-kancelaria.pl\/blog\/\" class=\"custom-logo-link\" rel=\"home\"><img loading=\"lazy\" decoding=\"async\" width=\"150\" height=\"150\" src=\"https:\/\/www.livros-kancelaria.pl\/blog\/wp-content\/uploads\/2025\/01\/logo-150x150-1.png\" class=\"custom-logo\" alt=\"LIVROS Logo\" \/><\/a><\/div>\n\n\n<p><\/p>\n\n\n\t\t\t\t<div class=\"blossomthemes-email-newsletter-wrapper\n\t\t\t\t\t\t\t\t\" id=\"boxes-174\" style=\"background: #ffffff; color: #0c0c0c \">\n\n\t\t\t\t\t<div class=\"container\">\n\t\t\t\t\t<div class=\"text-holder\" >\n\t\t\t\t\t\t<h3>Newsletter prawniczy<\/h3>\t\t\t\t\t\t<span>Zapraszam do zapisania si\u0119 do newslettera prawniczego kancelarii LIVROS, w ramach kt\u00f3rego kilka razy w miesi\u0105cu b\u0119d\u0105 Pa\u0144stwo otrzymywa\u0107 e\u2011mailowe powiadomienia o nowych artyku\u0142ach na blogu. Us\u0142uga jest ca\u0142kowicie bezp\u0142atna.<\/span>\t\t\t\t\t<\/div>\n\t\t\t\t\t<form id=\"blossomthemes-email-newsletter-174\" class=\"blossomthemes-email-newsletter-window-174\">\n\t\t\t\t\t\t\t\t\t\t\t\t\t<input type=\"text\" name=\"subscribe-fname\" required=\"required\" class=\"subscribe-fname-174\" value=\"\" placeholder=\"Imi\u0119 \/ Nazwa\">\n\n\t\t\t\t\t\t\t<input type=\"text\" name=\"subscribe-email\" required=\"required\" class=\"subscribe-email-174\" value=\"\" placeholder=\"Adres e-mail\">\n\t\t\t\t\t\t\t\t\t\t\t\t\t<label for=\"subscribe-confirmation-174\">\n\t\t\t\t\t\t\t<div class=\"subscribe-inner-wrap\">\n\t\t\t\t\t\t\t\t<input type=\"checkbox\" class=\"subscribe-confirmation-174\" name=\"subscribe-confirmation\" id=\"subscribe-confirmation-174\" required\/><span class=\"check-mark\"><\/span>\n\t\t\t\t\t\t\t\t<span class=\"text\">\n\t\t\t\t\t\t\t\t\tWyra\u017cam zgod\u0119 na przetwarzanie moich powy\u017cszych danych osobowych przez LIVROS Kancelaria Radcy Prawnego Dariusz Jarmoc (ul. Wyszy\u0144skiego 2\/1 lok. 114, 15\u2011888 Bia\u0142ystok; NIP: 5423068657) w celu wysy\u0142ania mi newslettera, czyli powiadomie\u0144 o nowych artyku\u0142ach na blogu o tematyce prawniczej, za po\u015brednictwem komunikacji e\u2011mail. Wiem, \u017ce mog\u0119 t\u0119 zgod\u0119 wycofa\u0107 w ka\u017cdej chwili.\t\t\t\t\t\t\t\t<\/span>\n\t\t\t\t\t\t\t<\/div>\n\t\t\t\t\t\t<\/label>\n\t\t\t\t\t\t\t\t\t\t\t\t\t<div id=\"loader-174\" style=\"display: none\">\n\t\t\t\t\t\t\t<div class=\"table\">\n\t\t\t\t\t\t\t\t<div class=\"table-row\">\n\t\t\t\t\t\t\t\t\t<div class=\"table-cell\">\n\t\t\t\t\t\t\t\t\t\t<svg xmlns=\"http:\/\/www.w3.org\/2000\/svg\" xmlns:xlink=\"http:\/\/www.w3.org\/1999\/xlink\" style=\"margin: auto; background: none; display: block; shape-rendering: auto;\" width=\"51px\" height=\"51px\" viewBox=\"0 0 100 100\" preserveAspectRatio=\"xMidYMid\"> <g transform=\"rotate(0 50 50)\"> <rect x=\"47\" y=\"24\" rx=\"3\" ry=\"6\" width=\"6\" height=\"12\" fill=\"#453e3f\"> <animate attributeName=\"opacity\" values=\"1;0\" keyTimes=\"0;1\" dur=\"1s\" begin=\"-0.9166666666666666s\" repeatCount=\"indefinite\"><\/animate> <\/rect> <\/g><g transform=\"rotate(30 50 50)\"> <rect x=\"47\" y=\"24\" rx=\"3\" ry=\"6\" width=\"6\" height=\"12\" fill=\"#453e3f\"> <animate attributeName=\"opacity\" values=\"1;0\" keyTimes=\"0;1\" dur=\"1s\" begin=\"-0.8333333333333334s\" repeatCount=\"indefinite\"><\/animate> <\/rect> <\/g><g transform=\"rotate(60 50 50)\"> <rect x=\"47\" y=\"24\" rx=\"3\" ry=\"6\" width=\"6\" height=\"12\" fill=\"#453e3f\"> <animate attributeName=\"opacity\" values=\"1;0\" keyTimes=\"0;1\" dur=\"1s\" begin=\"-0.75s\" repeatCount=\"indefinite\"><\/animate> <\/rect> <\/g><g transform=\"rotate(90 50 50)\"> <rect x=\"47\" y=\"24\" rx=\"3\" ry=\"6\" width=\"6\" height=\"12\" fill=\"#453e3f\"> <animate attributeName=\"opacity\" values=\"1;0\" keyTimes=\"0;1\" dur=\"1s\" begin=\"-0.6666666666666666s\" repeatCount=\"indefinite\"><\/animate> <\/rect> <\/g><g transform=\"rotate(120 50 50)\"> <rect x=\"47\" y=\"24\" rx=\"3\" ry=\"6\" width=\"6\" height=\"12\" fill=\"#453e3f\"> <animate attributeName=\"opacity\" values=\"1;0\" keyTimes=\"0;1\" dur=\"1s\" begin=\"-0.5833333333333334s\" repeatCount=\"indefinite\"><\/animate> <\/rect> <\/g><g transform=\"rotate(150 50 50)\"> <rect x=\"47\" y=\"24\" rx=\"3\" ry=\"6\" width=\"6\" height=\"12\" fill=\"#453e3f\"> <animate attributeName=\"opacity\" values=\"1;0\" keyTimes=\"0;1\" dur=\"1s\" begin=\"-0.5s\" repeatCount=\"indefinite\"><\/animate> <\/rect> <\/g><g transform=\"rotate(180 50 50)\"> <rect x=\"47\" y=\"24\" rx=\"3\" ry=\"6\" width=\"6\" height=\"12\" fill=\"#453e3f\"> <animate attributeName=\"opacity\" values=\"1;0\" keyTimes=\"0;1\" dur=\"1s\" begin=\"-0.4166666666666667s\" repeatCount=\"indefinite\"><\/animate> <\/rect> <\/g><g transform=\"rotate(210 50 50)\"> <rect x=\"47\" y=\"24\" rx=\"3\" ry=\"6\" width=\"6\" height=\"12\" fill=\"#453e3f\"> <animate attributeName=\"opacity\" values=\"1;0\" keyTimes=\"0;1\" dur=\"1s\" begin=\"-0.3333333333333333s\" repeatCount=\"indefinite\"><\/animate> <\/rect> <\/g><g transform=\"rotate(240 50 50)\"> <rect x=\"47\" y=\"24\" rx=\"3\" ry=\"6\" width=\"6\" height=\"12\" fill=\"#453e3f\"> <animate attributeName=\"opacity\" values=\"1;0\" keyTimes=\"0;1\" dur=\"1s\" begin=\"-0.25s\" repeatCount=\"indefinite\"><\/animate> <\/rect> <\/g><g transform=\"rotate(270 50 50)\"> <rect x=\"47\" y=\"24\" rx=\"3\" ry=\"6\" width=\"6\" height=\"12\" fill=\"#453e3f\"> <animate attributeName=\"opacity\" values=\"1;0\" keyTimes=\"0;1\" dur=\"1s\" begin=\"-0.16666666666666666s\" repeatCount=\"indefinite\"><\/animate> <\/rect> <\/g><g transform=\"rotate(300 50 50)\"> <rect x=\"47\" y=\"24\" rx=\"3\" ry=\"6\" width=\"6\" height=\"12\" fill=\"#453e3f\"> <animate attributeName=\"opacity\" values=\"1;0\" keyTimes=\"0;1\" dur=\"1s\" begin=\"-0.08333333333333333s\" repeatCount=\"indefinite\"><\/animate> <\/rect> <\/g><g transform=\"rotate(330 50 50)\"> <rect x=\"47\" y=\"24\" rx=\"3\" ry=\"6\" width=\"6\" height=\"12\" fill=\"#453e3f\"> <animate attributeName=\"opacity\" values=\"1;0\" keyTimes=\"0;1\" dur=\"1s\" begin=\"0s\" repeatCount=\"indefinite\"><\/animate> <\/rect> <\/g> <!-- [ldio] generated by https:\/\/loading.io\/ --><\/svg>\n\t\t\t\t\t\t\t\t\t<\/div>\n\t\t\t\t\t\t\t\t<\/div>\n\t\t\t\t\t\t\t<\/div>\n\t\t\t\t\t\t<\/div>\n\t\t\t\t\t\t<input type=\"submit\" name=\"subscribe-submit\" class=\"subscribe-submit-174\" value=\"Zapisz si\u0119 do newslettera\">\n\t\t\t\t\t\t<input type=\"hidden\" id=\"bten_subscription_nonce_174\" name=\"bten_subscription_nonce_174\" value=\"98394a9f68\" \/><input type=\"hidden\" name=\"_wp_http_referer\" value=\"\/blog\/wp-json\/wp\/v2\/pages\/185\" \/>\t\t\t\t\t<\/form>\n\n\t\t\t\t\t<\/div>\n\t\t\t\t\t<div class=\"bten-response\" id=\"bten-response-174\"><span><\/span><\/div>\n\t\t\t\t\t<div id=\"mask-174\"><\/div>\n\t\t\t\t<\/div>\n\t\t\t\t<style>#mask-174{position:fixed;width:100%;height:100%;left:0;top:0;z-index:9000;background-color:#000;display:none}#boxes-174 #dialog{width:750px;height:300px;padding:10px;background-color:#fff;font-family:\"Segoe UI Light\",sans-serif;font-size:15pt}#loader-174{position:absolute;top:27%;left:0;width:100%;height:80%;text-align:center;font-size:50px}#loader-174 .table{display:table;width:100%;height:100%}#loader-174 .table-row{display:table-row}#loader-174 .table-cell{display:table-cell;vertical-align:middle}<\/style><script>jQuery(function(){jQuery(document).on(\"submit\",\"form#blossomthemes-email-newsletter-174\",function(e){e.preventDefault();jQuery(\".subscribe-submit-174\").attr(\"disabled\",\"disabled\");var email=jQuery(\".subscribe-email-174\").val();var fname=jQuery(\".subscribe-fname-174\").val();var confirmation=jQuery(\".subscribe-confirmation-174\").val();var sid=174;var nonce=jQuery(\"#bten_subscription_nonce_174\").val();jQuery.ajax({type:\"post\",dataType:\"json\",url:bten_ajax_data.ajaxurl,data:{action:\"subscription_response\",email:email,fname:fname,sid:sid,confirmation:confirmation,nonce:nonce},beforeSend:function(){jQuery(\"#loader-174\").fadeIn(500)},success:function(response){jQuery(\".subscribe-submit-174\").attr(\"disabled\",\"disabled\");if(response.type===\"success\"){jQuery(\"#bten-response-174 span\").html(response.message);jQuery(\"#bten-response-174\").fadeIn(\"slow\").delay(\"3000\").fadeOut(\"3000\",function(){jQuery(\".subscribe-submit-174\").removeAttr(\"disabled\",\"disabled\");jQuery(\"form#blossomthemes-email-newsletter-174\").find(\"input[type=text]\").val(\"\");jQuery(\"form#blossomthemes-email-newsletter-174\").find(\"input[type=checkbox]\").prop(\"checked\",!1)})}else{jQuery(\"#bten-response-174 span\").html(response.message);jQuery(\"#bten-response-174\").fadeIn(\"slow\").delay(\"3000\").fadeOut(\"3000\",function(){jQuery(\".subscribe-submit-174\").removeAttr(\"disabled\",\"disabled\");jQuery(\"form#blossomthemes-email-newsletter-174\").find(\"input[type=text]\").val(\"\");jQuery(\"form#blossomthemes-email-newsletter-174\").find(\"input[type=checkbox]\").prop(\"checked\",!1)})}},complete:function(){jQuery(\"#loader-174\").fadeOut(500)}})})});<\/script>\n\n\n\n<hr class=\"wp-block-separator has-alpha-channel-opacity\"\/>\n\n\n\n<p class=\"has-text-align-center\"><strong>Administrator newslettera:<\/strong><\/p>\n\n\n\n","protected":false},"excerpt":{"rendered":"<p>Administrator newslettera:<\/p>\n","protected":false},"author":1,"featured_media":0,"parent":0,"menu_order":0,"comment_status":"closed","ping_status":"closed","template":"","meta":{"iawp_total_views":72,"footnotes":""},"class_list":["post-185","page","type-page","status-publish","hentry","has-meta has-sticky-meta"],"yoast_head":"<!-- This site is optimized with the Yoast SEO plugin v27.2 - https:\/\/yoast.com\/product\/yoast-seo-wordpress\/ -->\n<title>Newsletter prawniczy - LIVROS Kancelaria Radcy Prawnego Dariusz Jarmoc<\/title>\n<meta name=\"description\" content=\"Zapisz si\u0119 na nasz newsletter prawniczy! Regularne artyku\u0142y z r\u00f3\u017cnych dziedzin prawa, aktualno\u015bci i porady \u2013 b\u0105d\u017a na bie\u017c\u0105co z przepisami!\" \/>\n<meta name=\"robots\" content=\"index, follow, max-snippet:-1, max-image-preview:large, max-video-preview:-1\" \/>\n<link rel=\"canonical\" href=\"https:\/\/www.livros-kancelaria.pl\/blog\/newsletter-prawniczy\/\" \/>\n<meta property=\"og:locale\" content=\"pl_PL\" \/>\n<meta property=\"og:type\" content=\"article\" \/>\n<meta property=\"og:title\" content=\"Newsletter prawniczy - LIVROS Kancelaria Radcy Prawnego Dariusz Jarmoc\" \/>\n<meta property=\"og:description\" content=\"Zapisz si\u0119 na nasz newsletter prawniczy! Regularne artyku\u0142y z r\u00f3\u017cnych dziedzin prawa, aktualno\u015bci i porady \u2013 b\u0105d\u017a na bie\u017c\u0105co z przepisami!\" \/>\n<meta property=\"og:url\" content=\"https:\/\/www.livros-kancelaria.pl\/blog\/newsletter-prawniczy\/\" \/>\n<meta property=\"og:site_name\" content=\"LIVROS Kancelaria Radcy Prawnego Dariusz Jarmoc\" \/>\n<meta property=\"article:publisher\" content=\"https:\/\/www.facebook.com\/livroskancelaria\" \/>\n<meta name=\"twitter:card\" content=\"summary_large_image\" \/>\n<meta name=\"twitter:label1\" content=\"Szacowany czas czytania\" \/>\n\t<meta name=\"twitter:data1\" content=\"1 minuta\" \/>\n<script type=\"application\/ld+json\" class=\"yoast-schema-graph\">{\"@context\":\"https:\/\/schema.org\",\"@graph\":[{\"@type\":\"WebPage\",\"@id\":\"https:\/\/www.livros-kancelaria.pl\/blog\/newsletter-prawniczy\/\",\"url\":\"https:\/\/www.livros-kancelaria.pl\/blog\/newsletter-prawniczy\/\",\"name\":\"Newsletter prawniczy - LIVROS Kancelaria Radcy Prawnego Dariusz Jarmoc\",\"isPartOf\":{\"@id\":\"https:\/\/www.livros-kancelaria.pl\/blog\/#website\"},\"datePublished\":\"2025-02-27T13:30:29+00:00\",\"description\":\"Zapisz si\u0119 na nasz newsletter prawniczy! Regularne artyku\u0142y z r\u00f3\u017cnych dziedzin prawa, aktualno\u015bci i porady \u2013 b\u0105d\u017a na bie\u017c\u0105co z przepisami!\",\"breadcrumb\":{\"@id\":\"https:\/\/www.livros-kancelaria.pl\/blog\/newsletter-prawniczy\/#breadcrumb\"},\"inLanguage\":\"pl-PL\",\"potentialAction\":[{\"@type\":\"ReadAction\",\"target\":[\"https:\/\/www.livros-kancelaria.pl\/blog\/newsletter-prawniczy\/\"]}]},{\"@type\":\"BreadcrumbList\",\"@id\":\"https:\/\/www.livros-kancelaria.pl\/blog\/newsletter-prawniczy\/#breadcrumb\",\"itemListElement\":[{\"@type\":\"ListItem\",\"position\":1,\"name\":\"Strona g\u0142\u00f3wna\",\"item\":\"https:\/\/www.livros-kancelaria.pl\/blog\/\"},{\"@type\":\"ListItem\",\"position\":2,\"name\":\"Newsletter prawniczy\"}]},{\"@type\":\"WebSite\",\"@id\":\"https:\/\/www.livros-kancelaria.pl\/blog\/#website\",\"url\":\"https:\/\/www.livros-kancelaria.pl\/blog\/\",\"name\":\"LIVROS Kancelaria Radcy Prawnego Dariusz Jarmoc\",\"description\":\"Blog prawniczy | Zaufaj ekspertom \u2013 id\u017a bezpiecznie przez \u015bwiat przepis\u00f3w\",\"publisher\":{\"@id\":\"https:\/\/www.livros-kancelaria.pl\/blog\/#organization\"},\"potentialAction\":[{\"@type\":\"SearchAction\",\"target\":{\"@type\":\"EntryPoint\",\"urlTemplate\":\"https:\/\/www.livros-kancelaria.pl\/blog\/?s={search_term_string}\"},\"query-input\":{\"@type\":\"PropertyValueSpecification\",\"valueRequired\":true,\"valueName\":\"search_term_string\"}}],\"inLanguage\":\"pl-PL\"},{\"@type\":\"Organization\",\"@id\":\"https:\/\/www.livros-kancelaria.pl\/blog\/#organization\",\"name\":\"LIVROS Kancelaria Radcy Prawnego Dariusz Jarmoc\",\"url\":\"https:\/\/www.livros-kancelaria.pl\/blog\/\",\"logo\":{\"@type\":\"ImageObject\",\"inLanguage\":\"pl-PL\",\"@id\":\"https:\/\/www.livros-kancelaria.pl\/blog\/#\/schema\/logo\/image\/\",\"url\":\"https:\/\/www.livros-kancelaria.pl\/blog\/wp-content\/uploads\/2025\/01\/logo-150x150-1.png\",\"contentUrl\":\"https:\/\/www.livros-kancelaria.pl\/blog\/wp-content\/uploads\/2025\/01\/logo-150x150-1.png\",\"width\":150,\"height\":150,\"caption\":\"LIVROS Kancelaria Radcy Prawnego Dariusz Jarmoc\"},\"image\":{\"@id\":\"https:\/\/www.livros-kancelaria.pl\/blog\/#\/schema\/logo\/image\/\"},\"sameAs\":[\"https:\/\/www.facebook.com\/livroskancelaria\",\"https:\/\/www.linkedin.com\/in\/dariusz-jarmoc-9b8b71307\/\"]}]}<\/script>\n<!-- \/ Yoast SEO plugin. -->","yoast_head_json":{"title":"Newsletter prawniczy - LIVROS Kancelaria Radcy Prawnego Dariusz Jarmoc","description":"Zapisz si\u0119 na nasz newsletter prawniczy! Regularne artyku\u0142y z r\u00f3\u017cnych dziedzin prawa, aktualno\u015bci i porady \u2013 b\u0105d\u017a na bie\u017c\u0105co z przepisami!","robots":{"index":"index","follow":"follow","max-snippet":"max-snippet:-1","max-image-preview":"max-image-preview:large","max-video-preview":"max-video-preview:-1"},"canonical":"https:\/\/www.livros-kancelaria.pl\/blog\/newsletter-prawniczy\/","og_locale":"pl_PL","og_type":"article","og_title":"Newsletter prawniczy - LIVROS Kancelaria Radcy Prawnego Dariusz Jarmoc","og_description":"Zapisz si\u0119 na nasz newsletter prawniczy! Regularne artyku\u0142y z r\u00f3\u017cnych dziedzin prawa, aktualno\u015bci i porady \u2013 b\u0105d\u017a na bie\u017c\u0105co z przepisami!","og_url":"https:\/\/www.livros-kancelaria.pl\/blog\/newsletter-prawniczy\/","og_site_name":"LIVROS Kancelaria Radcy Prawnego Dariusz Jarmoc","article_publisher":"https:\/\/www.facebook.com\/livroskancelaria","twitter_card":"summary_large_image","twitter_misc":{"Szacowany czas czytania":"1 minuta"},"schema":{"@context":"https:\/\/schema.org","@graph":[{"@type":"WebPage","@id":"https:\/\/www.livros-kancelaria.pl\/blog\/newsletter-prawniczy\/","url":"https:\/\/www.livros-kancelaria.pl\/blog\/newsletter-prawniczy\/","name":"Newsletter prawniczy - LIVROS Kancelaria Radcy Prawnego Dariusz Jarmoc","isPartOf":{"@id":"https:\/\/www.livros-kancelaria.pl\/blog\/#website"},"datePublished":"2025-02-27T13:30:29+00:00","description":"Zapisz si\u0119 na nasz newsletter prawniczy! Regularne artyku\u0142y z r\u00f3\u017cnych dziedzin prawa, aktualno\u015bci i porady \u2013 b\u0105d\u017a na bie\u017c\u0105co z przepisami!","breadcrumb":{"@id":"https:\/\/www.livros-kancelaria.pl\/blog\/newsletter-prawniczy\/#breadcrumb"},"inLanguage":"pl-PL","potentialAction":[{"@type":"ReadAction","target":["https:\/\/www.livros-kancelaria.pl\/blog\/newsletter-prawniczy\/"]}]},{"@type":"BreadcrumbList","@id":"https:\/\/www.livros-kancelaria.pl\/blog\/newsletter-prawniczy\/#breadcrumb","itemListElement":[{"@type":"ListItem","position":1,"name":"Strona g\u0142\u00f3wna","item":"https:\/\/www.livros-kancelaria.pl\/blog\/"},{"@type":"ListItem","position":2,"name":"Newsletter prawniczy"}]},{"@type":"WebSite","@id":"https:\/\/www.livros-kancelaria.pl\/blog\/#website","url":"https:\/\/www.livros-kancelaria.pl\/blog\/","name":"LIVROS Kancelaria Radcy Prawnego Dariusz Jarmoc","description":"Blog prawniczy | Zaufaj ekspertom \u2013 id\u017a bezpiecznie przez \u015bwiat przepis\u00f3w","publisher":{"@id":"https:\/\/www.livros-kancelaria.pl\/blog\/#organization"},"potentialAction":[{"@type":"SearchAction","target":{"@type":"EntryPoint","urlTemplate":"https:\/\/www.livros-kancelaria.pl\/blog\/?s={search_term_string}"},"query-input":{"@type":"PropertyValueSpecification","valueRequired":true,"valueName":"search_term_string"}}],"inLanguage":"pl-PL"},{"@type":"Organization","@id":"https:\/\/www.livros-kancelaria.pl\/blog\/#organization","name":"LIVROS Kancelaria Radcy Prawnego Dariusz Jarmoc","url":"https:\/\/www.livros-kancelaria.pl\/blog\/","logo":{"@type":"ImageObject","inLanguage":"pl-PL","@id":"https:\/\/www.livros-kancelaria.pl\/blog\/#\/schema\/logo\/image\/","url":"https:\/\/www.livros-kancelaria.pl\/blog\/wp-content\/uploads\/2025\/01\/logo-150x150-1.png","contentUrl":"https:\/\/www.livros-kancelaria.pl\/blog\/wp-content\/uploads\/2025\/01\/logo-150x150-1.png","width":150,"height":150,"caption":"LIVROS Kancelaria Radcy Prawnego Dariusz Jarmoc"},"image":{"@id":"https:\/\/www.livros-kancelaria.pl\/blog\/#\/schema\/logo\/image\/"},"sameAs":["https:\/\/www.facebook.com\/livroskancelaria","https:\/\/www.linkedin.com\/in\/dariusz-jarmoc-9b8b71307\/"]}]}},"_links":{"self":[{"href":"https:\/\/www.livros-kancelaria.pl\/blog\/wp-json\/wp\/v2\/pages\/185","targetHints":{"allow":["GET"]}}],"collection":[{"href":"https:\/\/www.livros-kancelaria.pl\/blog\/wp-json\/wp\/v2\/pages"}],"about":[{"href":"https:\/\/www.livros-kancelaria.pl\/blog\/wp-json\/wp\/v2\/types\/page"}],"author":[{"embeddable":true,"href":"https:\/\/www.livros-kancelaria.pl\/blog\/wp-json\/wp\/v2\/users\/1"}],"replies":[{"embeddable":true,"href":"https:\/\/www.livros-kancelaria.pl\/blog\/wp-json\/wp\/v2\/comments?post=185"}],"version-history":[{"count":18,"href":"https:\/\/www.livros-kancelaria.pl\/blog\/wp-json\/wp\/v2\/pages\/185\/revisions"}],"predecessor-version":[{"id":204,"href":"https:\/\/www.livros-kancelaria.pl\/blog\/wp-json\/wp\/v2\/pages\/185\/revisions\/204"}],"wp:attachment":[{"href":"https:\/\/www.livros-kancelaria.pl\/blog\/wp-json\/wp\/v2\/media?parent=185"}],"curies":[{"name":"wp","href":"https:\/\/api.w.org\/{rel}","templated":true}]}}